{"id":172,"date":"2023-11-17T07:52:24","date_gmt":"2023-11-17T07:52:24","guid":{"rendered":"https:\/\/novavalor.herramientaseo.com\/?page_id=172"},"modified":"2023-11-20T12:02:37","modified_gmt":"2023-11-20T12:02:37","slug":"elementor-172","status":"publish","type":"page","link":"https:\/\/www.novavalorenergy.com\/","title":{"rendered":""},"content":{"rendered":"\t\t<div data-elementor-type=\"wp-page\" data-elementor-id=\"172\" class=\"elementor elementor-172\" data-elementor-post-type=\"page\">\n\t\t\t\t\t\t\t<div class=\"elementor-element elementor-element-5cb3787b e-flex e-con-boxed e-con e-parent\" data-id=\"5cb3787b\" data-element_type=\"container\" data-settings=\"{&quot;background_background&quot;:&quot;classic&quot;,&quot;content_width&quot;:&quot;boxed&quot;}\" data-core-v316-plus=\"true\">\n\t\t\t\t\t<div class=\"e-con-inner\">\n\t\t<div class=\"elementor-element elementor-element-4591727e e-con-full e-flex e-con e-child\" data-id=\"4591727e\" data-element_type=\"container\" id=\"compromiso\" data-settings=\"{&quot;content_width&quot;:&quot;full&quot;}\">\n\t\t\t\t<div class=\"elementor-element elementor-element-3641bf51 animated-slow elementor-invisible elementor-widget elementor-widget-heading\" data-id=\"3641bf51\" data-element_type=\"widget\" data-settings=\"{&quot;_animation&quot;:&quot;fadeIn&quot;}\" data-widget_type=\"heading.default\">\n\t\t\t\t<div class=\"elementor-widget-container\">\n\t\t\t<style>\/*! elementor - v3.17.0 - 08-11-2023 *\/\n.elementor-heading-title{padding:0;margin:0;line-height:1}.elementor-widget-heading .elementor-heading-title[class*=elementor-size-]>a{color:inherit;font-size:inherit;line-height:inherit}.elementor-widget-heading .elementor-heading-title.elementor-size-small{font-size:15px}.elementor-widget-heading .elementor-heading-title.elementor-size-medium{font-size:19px}.elementor-widget-heading .elementor-heading-title.elementor-size-large{font-size:29px}.elementor-widget-heading .elementor-heading-title.elementor-size-xl{font-size:39px}.elementor-widget-heading .elementor-heading-title.elementor-size-xxl{font-size:59px}<\/style><h2 class=\"elementor-heading-title elementor-size-default\">LA GRAN APUESTA POR EL DESARROLLO<BR>\n<span style=\"color:#3DA100\">SOSTENIBLE<\/span> Y LA GENERACI\u00d3N<BR>\nDE ENERG\u00cdA LIMPIA EN COLOMBIA<\/h2>\t\t<\/div>\n\t\t\t\t<\/div>\n\t\t\t\t<div class=\"elementor-element elementor-element-77874587 elementor-widget elementor-widget-text-editor\" data-id=\"77874587\" data-element_type=\"widget\" data-widget_type=\"text-editor.default\">\n\t\t\t\t<div class=\"elementor-widget-container\">\n\t\t\t<style>\/*! elementor - v3.17.0 - 08-11-2023 *\/\n.elementor-widget-text-editor.elementor-drop-cap-view-stacked .elementor-drop-cap{background-color:#69727d;color:#fff}.elementor-widget-text-editor.elementor-drop-cap-view-framed .elementor-drop-cap{color:#69727d;border:3px solid;background-color:transparent}.elementor-widget-text-editor:not(.elementor-drop-cap-view-default) .elementor-drop-cap{margin-top:8px}.elementor-widget-text-editor:not(.elementor-drop-cap-view-default) .elementor-drop-cap-letter{width:1em;height:1em}.elementor-widget-text-editor .elementor-drop-cap{float:left;text-align:center;line-height:1;font-size:50px}.elementor-widget-text-editor .elementor-drop-cap-letter{display:inline-block}<\/style>\t\t\t\t<p>La trayectoria desarrollada por NOVAVALOR en los \u00faltimos 8 a\u00f1os<br \/>en Colombia ha venido marcada por un crecimiento s\u00f3lido y progresivo.<\/p><p>Actualmente la compa\u00f1\u00eda cuenta con sedes en diferentes regiones<br \/>de Espa\u00f1a y Colombia, as\u00ed como una red de socios estrat\u00e9gicos que<br \/>comenzaron a operar en Latinoam\u00e9rica en los a\u00f1os 90 en el campo<br \/>de las telecomunicaciones, los tendidos telef\u00f3nicos y la instalaci\u00f3n<br \/>de fibra \u00f3ptica, un back up que nos permite operar en diferentes mercados.<\/p>\t\t\t\t\t\t<\/div>\n\t\t\t\t<\/div>\n\t\t\t\t<\/div>\n\t\t\t\t<div class=\"elementor-element elementor-element-2672ecf elementor-widget elementor-widget-image\" data-id=\"2672ecf\" data-element_type=\"widget\" data-widget_type=\"image.default\">\n\t\t\t\t<div class=\"elementor-widget-container\">\n\t\t\t<style>\/*! elementor - v3.17.0 - 08-11-2023 *\/\n.elementor-widget-image{text-align:center}.elementor-widget-image a{display:inline-block}.elementor-widget-image a img[src$=\".svg\"]{width:48px}.elementor-widget-image img{vertical-align:middle;display:inline-block}<\/style>\t\t\t\t\t\t\t\t\t\t\t\t<img fetchpriority=\"high\" decoding=\"async\" width=\"300\" height=\"257\" src=\"https:\/\/www.novavalorenergy.com\/wp-content\/uploads\/2023\/11\/Landing-novavalor-2023-01-300x257.png\" class=\"attachment-medium size-medium wp-image-193\" alt=\"\" srcset=\"https:\/\/www.novavalorenergy.com\/wp-content\/uploads\/2023\/11\/Landing-novavalor-2023-01-300x257.png 300w, https:\/\/www.novavalorenergy.com\/wp-content\/uploads\/2023\/11\/Landing-novavalor-2023-01-768x659.png 768w, https:\/\/www.novavalorenergy.com\/wp-content\/uploads\/2023\/11\/Landing-novavalor-2023-01-600x515.png 600w, https:\/\/www.novavalorenergy.com\/wp-content\/uploads\/2023\/11\/Landing-novavalor-2023-01.png 851w\" sizes=\"(max-width: 300px) 100vw, 300px\" \/>\t\t\t\t\t\t\t\t\t\t\t\t\t\t\t<\/div>\n\t\t\t\t<\/div>\n\t\t\t\t\t<\/div>\n\t\t\t\t<\/div>\n\t\t<div class=\"elementor-element elementor-element-c82c1a9 e-flex e-con-boxed e-con e-parent\" data-id=\"c82c1a9\" data-element_type=\"container\" data-settings=\"{&quot;background_background&quot;:&quot;classic&quot;,&quot;content_width&quot;:&quot;boxed&quot;}\" data-core-v316-plus=\"true\">\n\t\t\t\t\t<div class=\"e-con-inner\">\n\t\t\t\t<div class=\"elementor-element elementor-element-2b4e0e4 elementor-widget elementor-widget-image\" data-id=\"2b4e0e4\" data-element_type=\"widget\" data-widget_type=\"image.default\">\n\t\t\t\t<div class=\"elementor-widget-container\">\n\t\t\t\t\t\t\t\t\t\t\t\t\t\t\t<img decoding=\"async\" width=\"300\" height=\"257\" src=\"https:\/\/www.novavalorenergy.com\/wp-content\/uploads\/2023\/11\/Landing-novavalor-2023-02-300x257.png\" class=\"attachment-medium size-medium wp-image-195\" alt=\"\" srcset=\"https:\/\/www.novavalorenergy.com\/wp-content\/uploads\/2023\/11\/Landing-novavalor-2023-02-300x257.png 300w, https:\/\/www.novavalorenergy.com\/wp-content\/uploads\/2023\/11\/Landing-novavalor-2023-02-768x659.png 768w, https:\/\/www.novavalorenergy.com\/wp-content\/uploads\/2023\/11\/Landing-novavalor-2023-02-600x515.png 600w, https:\/\/www.novavalorenergy.com\/wp-content\/uploads\/2023\/11\/Landing-novavalor-2023-02.png 851w\" sizes=\"(max-width: 300px) 100vw, 300px\" \/>\t\t\t\t\t\t\t\t\t\t\t\t\t\t\t<\/div>\n\t\t\t\t<\/div>\n\t\t<div class=\"elementor-element elementor-element-d1c29a2 e-con-full e-flex e-con e-child\" data-id=\"d1c29a2\" data-element_type=\"container\" data-settings=\"{&quot;content_width&quot;:&quot;full&quot;}\">\n\t\t\t\t<div class=\"elementor-element elementor-element-579d2b1 animated-slow elementor-invisible elementor-widget elementor-widget-heading\" data-id=\"579d2b1\" data-element_type=\"widget\" data-settings=\"{&quot;_animation&quot;:&quot;fadeIn&quot;}\" data-widget_type=\"heading.default\">\n\t\t\t\t<div class=\"elementor-widget-container\">\n\t\t\t<h2 class=\"elementor-heading-title elementor-size-default\">CONOCEMOS EL TERRITORIO Y TODO<br\/>\nSU <span style=\"color:#3DA100\">POTENCIAL DE DESARROLLO<\/span><\/h2>\t\t<\/div>\n\t\t\t\t<\/div>\n\t\t\t\t<div class=\"elementor-element elementor-element-38e42b7 elementor-widget elementor-widget-text-editor\" data-id=\"38e42b7\" data-element_type=\"widget\" data-widget_type=\"text-editor.default\">\n\t\t\t\t<div class=\"elementor-widget-container\">\n\t\t\t\t\t\t\t<p>Con la experiencia acumulada, estamos llevando a cabo con \u00e9xito<br \/>diversos proyectos en colaboraci\u00f3n con nuestra filial Metagroup.<\/p><p>Los lugares de emplazamiento de nuestros proyectos fotovoltaicos se<br \/>encuentran dentro de las \u00e1reas con los \u00edndices de radiaci\u00f3n solar m\u00e1s<br \/>altos a nivel mundial, lo que los convierte en \u00fanicos para este tipo de<br \/>instalaciones. Nuestros parques solares, de 97 Mwp, cuentan con<br \/>Due Diligence t\u00e9cnicas elaboradas y se encuentran en estado RTB.<\/p>\t\t\t\t\t\t<\/div>\n\t\t\t\t<\/div>\n\t\t\t\t<\/div>\n\t\t\t\t\t<\/div>\n\t\t\t\t<\/div>\n\t\t<div class=\"elementor-element elementor-element-aa30e2b e-flex e-con-boxed e-con e-parent\" data-id=\"aa30e2b\" data-element_type=\"container\" data-settings=\"{&quot;background_background&quot;:&quot;classic&quot;,&quot;content_width&quot;:&quot;boxed&quot;}\" data-core-v316-plus=\"true\">\n\t\t\t\t\t<div class=\"e-con-inner\">\n\t\t<div class=\"elementor-element elementor-element-0daf591 e-con-full e-flex e-con e-child\" data-id=\"0daf591\" data-element_type=\"container\" id=\"conozca\" data-settings=\"{&quot;content_width&quot;:&quot;full&quot;}\">\n\t\t\t\t<div class=\"elementor-element elementor-element-8296b84 animated-slow elementor-invisible elementor-widget elementor-widget-heading\" data-id=\"8296b84\" data-element_type=\"widget\" data-settings=\"{&quot;_animation&quot;:&quot;fadeIn&quot;}\" data-widget_type=\"heading.default\">\n\t\t\t\t<div class=\"elementor-widget-container\">\n\t\t\t<h2 class=\"elementor-heading-title elementor-size-default\">CONOZCA NOVALOR<\/h2>\t\t<\/div>\n\t\t\t\t<\/div>\n\t\t\t\t<div class=\"elementor-element elementor-element-8630b01 elementor-widget elementor-widget-text-editor\" data-id=\"8630b01\" data-element_type=\"widget\" data-widget_type=\"text-editor.default\">\n\t\t\t\t<div class=\"elementor-widget-container\">\n\t\t\t\t\t\t\t<p>NOVAVALOR COLOMBIA S.A.S es una compa\u00f1\u00eda multinacional<br \/>con presencia en Espa\u00f1a y Latinoam\u00e9rica especializada en el dise\u00f1o,<br \/>desarrollo, construcci\u00f3n, promoci\u00f3n, operaci\u00f3n y mantenimiento de<br \/>parques solares fotovoltaicos de conexi\u00f3n a red. Creada en 2013 en base a un<br \/>accionariado es de nacionalidad espa\u00f1ola y acreditada solvencia en proyectos<br \/>fotovolt\u00e1icos , NOVALOR dispone de cuenta bancaria en Espa\u00f1a y firma digital.<\/p><p>Entre los inversores se encuentra Grupo Zambudio, una corporaci\u00f3n<br \/>empresarial espa\u00f1ola con presencia internacional desde hace 3 d\u00e9cadas.<\/p><p>En Europa, Grupo Zambudio desarrolla actividades en el sector agroalimentario, la<br \/>energ\u00eda solar fotovoltaica y en la aplicaci\u00f3n de nuevas tecnolog\u00edas basadas en IA.<\/p>\t\t\t\t\t\t<\/div>\n\t\t\t\t<\/div>\n\t\t\t\t<\/div>\n\t\t\t\t<div class=\"elementor-element elementor-element-c94b809 elementor-widget elementor-widget-image\" data-id=\"c94b809\" data-element_type=\"widget\" data-widget_type=\"image.default\">\n\t\t\t\t<div class=\"elementor-widget-container\">\n\t\t\t\t\t\t\t\t\t\t\t\t\t\t\t<img decoding=\"async\" width=\"740\" height=\"730\" src=\"https:\/\/www.novavalorenergy.com\/wp-content\/uploads\/2023\/11\/Landing-novavalor-2023-03.png\" class=\"attachment-medium_large size-medium_large wp-image-196\" alt=\"\" srcset=\"https:\/\/www.novavalorenergy.com\/wp-content\/uploads\/2023\/11\/Landing-novavalor-2023-03.png 740w, https:\/\/www.novavalorenergy.com\/wp-content\/uploads\/2023\/11\/Landing-novavalor-2023-03-300x296.png 300w, https:\/\/www.novavalorenergy.com\/wp-content\/uploads\/2023\/11\/Landing-novavalor-2023-03-600x592.png 600w, https:\/\/www.novavalorenergy.com\/wp-content\/uploads\/2023\/11\/Landing-novavalor-2023-03-100x100.png 100w\" sizes=\"(max-width: 740px) 100vw, 740px\" \/>\t\t\t\t\t\t\t\t\t\t\t\t\t\t\t<\/div>\n\t\t\t\t<\/div>\n\t\t\t\t\t<\/div>\n\t\t\t\t<\/div>\n\t\t<div class=\"elementor-element elementor-element-501153cd e-flex e-con-boxed e-con e-parent\" data-id=\"501153cd\" data-element_type=\"container\" id=\"contacto\" data-settings=\"{&quot;background_background&quot;:&quot;classic&quot;,&quot;content_width&quot;:&quot;boxed&quot;}\" data-core-v316-plus=\"true\">\n\t\t\t\t\t<div class=\"e-con-inner\">\n\t\t<div class=\"elementor-element elementor-element-8f6458c e-flex e-con-boxed e-con e-child\" data-id=\"8f6458c\" data-element_type=\"container\" data-settings=\"{&quot;background_background&quot;:&quot;classic&quot;,&quot;content_width&quot;:&quot;boxed&quot;}\">\n\t\t\t\t\t<div class=\"e-con-inner\">\n\t\t\t\t<div class=\"elementor-element elementor-element-16d114be animated-slow elementor-invisible elementor-widget elementor-widget-heading\" data-id=\"16d114be\" data-element_type=\"widget\" data-settings=\"{&quot;_animation&quot;:&quot;fadeIn&quot;}\" data-widget_type=\"heading.default\">\n\t\t\t\t<div class=\"elementor-widget-container\">\n\t\t\t<h2 class=\"elementor-heading-title elementor-size-default\">CONT\u00c1CTENOS<\/h2>\t\t<\/div>\n\t\t\t\t<\/div>\n\t\t\t\t<div class=\"elementor-element elementor-element-5aa52c25 elementor-widget elementor-widget-text-editor\" data-id=\"5aa52c25\" data-element_type=\"widget\" data-widget_type=\"text-editor.default\">\n\t\t\t\t<div class=\"elementor-widget-container\">\n\t\t\t\t\t\t\t<p>Le atenderemos personalmente.<\/p>\t\t\t\t\t\t<\/div>\n\t\t\t\t<\/div>\n\t\t\t\t<div class=\"elementor-element elementor-element-6e0658b elementor-widget elementor-widget-text-editor\" data-id=\"6e0658b\" data-element_type=\"widget\" data-widget_type=\"text-editor.default\">\n\t\t\t\t<div class=\"elementor-widget-container\">\n\t\t\t\t\t\t\t<p>\u00c1NGEL PUENTE<\/p>\t\t\t\t\t\t<\/div>\n\t\t\t\t<\/div>\n\t\t\t\t<div class=\"elementor-element elementor-element-c085d6b elementor-align-center elementor-widget elementor-widget-button\" data-id=\"c085d6b\" data-element_type=\"widget\" data-widget_type=\"button.default\">\n\t\t\t\t<div class=\"elementor-widget-container\">\n\t\t\t\t\t<div class=\"elementor-button-wrapper\">\n\t\t\t<a class=\"elementor-button elementor-button-link elementor-size-sm\" href=\"tel:+34676379360\">\n\t\t\t\t\t\t<span class=\"elementor-button-content-wrapper\">\n\t\t\t\t\t\t<span class=\"elementor-button-text\">+34 676 379 360<\/span>\n\t\t<\/span>\n\t\t\t\t\t<\/a>\n\t\t<\/div>\n\t\t\t\t<\/div>\n\t\t\t\t<\/div>\n\t\t\t\t<div class=\"elementor-element elementor-element-72bd6f4 elementor-widget elementor-widget-text-editor\" data-id=\"72bd6f4\" data-element_type=\"widget\" data-widget_type=\"text-editor.default\">\n\t\t\t\t<div class=\"elementor-widget-container\">\n\t\t\t\t\t\t\t<p>JUAN SAN MIGUEL<\/p>\t\t\t\t\t\t<\/div>\n\t\t\t\t<\/div>\n\t\t\t\t<div class=\"elementor-element elementor-element-9627360 elementor-align-center elementor-widget elementor-widget-button\" data-id=\"9627360\" data-element_type=\"widget\" data-widget_type=\"button.default\">\n\t\t\t\t<div class=\"elementor-widget-container\">\n\t\t\t\t\t<div class=\"elementor-button-wrapper\">\n\t\t\t<a class=\"elementor-button elementor-button-link elementor-size-sm\" href=\"tel:+34654850054\">\n\t\t\t\t\t\t<span class=\"elementor-button-content-wrapper\">\n\t\t\t\t\t\t<span class=\"elementor-button-text\">+34 654 850 054<\/span>\n\t\t<\/span>\n\t\t\t\t\t<\/a>\n\t\t<\/div>\n\t\t\t\t<\/div>\n\t\t\t\t<\/div>\n\t\t\t\t\t<\/div>\n\t\t\t\t<\/div>\n\t\t\t\t\t<\/div>\n\t\t\t\t<\/div>\n\t\t\t\t\t\t\t<\/div>\n\t\t","protected":false},"excerpt":{"rendered":"<p>LA GRAN APUESTA POR EL DESARROLLO SOSTENIBLE Y LA GENERACI\u00d3N DE ENERG\u00cdA LIMPIA EN COLOMBIA La trayectoria desarrollada por NOVAVALOR en los \u00faltimos 8 a\u00f1osen Colombia ha venido marcada por un crecimiento s\u00f3lido y progresivo. Actualmente la compa\u00f1\u00eda cuenta con sedes en diferentes regionesde Espa\u00f1a y Colombia, as\u00ed como una red de socios estrat\u00e9gicos quecomenzaron [&hellip;]<\/p>\n","protected":false},"author":1,"featured_media":0,"parent":0,"menu_order":0,"comment_status":"closed","ping_status":"closed","template":"","meta":{"inline_featured_image":false,"footnotes":""},"class_list":["post-172","page","type-page","status-publish","hentry"],"_links":{"self":[{"href":"https:\/\/www.novavalorenergy.com\/index.php?rest_route=\/wp\/v2\/pages\/172","targetHints":{"allow":["GET"]}}],"collection":[{"href":"https:\/\/www.novavalorenergy.com\/index.php?rest_route=\/wp\/v2\/pages"}],"about":[{"href":"https:\/\/www.novavalorenergy.com\/index.php?rest_route=\/wp\/v2\/types\/page"}],"author":[{"embeddable":true,"href":"https:\/\/www.novavalorenergy.com\/index.php?rest_route=\/wp\/v2\/users\/1"}],"replies":[{"embeddable":true,"href":"https:\/\/www.novavalorenergy.com\/index.php?rest_route=%2Fwp%2Fv2%2Fcomments&post=172"}],"version-history":[{"count":50,"href":"https:\/\/www.novavalorenergy.com\/index.php?rest_route=\/wp\/v2\/pages\/172\/revisions"}],"predecessor-version":[{"id":279,"href":"https:\/\/www.novavalorenergy.com\/index.php?rest_route=\/wp\/v2\/pages\/172\/revisions\/279"}],"wp:attachment":[{"href":"https:\/\/www.novavalorenergy.com\/index.php?rest_route=%2Fwp%2Fv2%2Fmedia&parent=172"}],"curies":[{"name":"wp","href":"https:\/\/api.w.org\/{rel}","templated":true}]}}